{"id":131,"date":"2026-03-02T20:28:14","date_gmt":"2026-03-02T20:28:14","guid":{"rendered":"https:\/\/infallible-cerf.177-10-89-81.plesk.page\/?page_id=131"},"modified":"2026-03-03T12:00:35","modified_gmt":"2026-03-03T12:00:35","slug":"lacraia","status":"publish","type":"page","link":"https:\/\/infallible-cerf.177-10-89-81.plesk.page\/index.php\/lacraia\/","title":{"rendered":"Lacraia"},"content":{"rendered":"\t\t<div data-elementor-type=\"wp-post\" data-elementor-id=\"131\" class=\"elementor elementor-131\">\n\t\t\t\t<div class=\"elementor-element elementor-element-45edb15b e-con-full e-flex e-con e-parent\" data-id=\"45edb15b\" data-element_type=\"container\" data-e-type=\"container\">\n\t\t<div class=\"elementor-element elementor-element-d6b4b08 e-flex e-con-boxed e-con e-child\" data-id=\"d6b4b08\" data-element_type=\"container\" data-e-type=\"container\">\n\t\t\t\t\t<div class=\"e-con-inner\">\n\t\t<div class=\"elementor-element elementor-element-349ca6a9 e-con-full e-flex e-con e-child\" data-id=\"349ca6a9\" data-element_type=\"container\" data-e-type=\"container\">\n\t\t<div class=\"elementor-element elementor-element-7c2f38c e-con-full e-flex e-con e-child\" data-id=\"7c2f38c\" data-element_type=\"container\" data-e-type=\"container\">\n\t\t\t\t<div class=\"elementor-element elementor-element-ed50c7f elementor-widget elementor-widget-heading\" data-id=\"ed50c7f\" data-element_type=\"widget\" data-e-type=\"widget\" data-widget_type=\"heading.default\">\n\t\t\t\t\t<span class=\"elementor-heading-title elementor-size-default\">Seja Bem-vindo(a)<\/span>\t\t\t\t<\/div>\n\t\t\t\t<\/div>\n\t\t<div class=\"elementor-element elementor-element-1012efd9 e-con-full e-flex e-con e-child\" data-id=\"1012efd9\" data-element_type=\"container\" data-e-type=\"container\">\n\t\t<div class=\"elementor-element elementor-element-3aa52601 e-con-full e-flex e-con e-child\" data-id=\"3aa52601\" data-element_type=\"container\" data-e-type=\"container\">\n\t\t\t\t<div class=\"elementor-element elementor-element-a1a3f4e elementor-widget elementor-widget-image\" data-id=\"a1a3f4e\" data-element_type=\"widget\" data-e-type=\"widget\" data-widget_type=\"image.default\">\n\t\t\t\t\t\t\t\t\t\t\t\t\t\t\t<img decoding=\"async\" width=\"30\" height=\"30\" src=\"https:\/\/infallible-cerf.177-10-89-81.plesk.page\/wp-content\/uploads\/2026\/03\/PinLocal.png\" class=\"attachment-large size-large wp-image-16\" alt=\"\" \/>\t\t\t\t\t\t\t\t\t\t\t\t\t\t\t<\/div>\n\t\t\t\t<\/div>\n\t\t<div class=\"elementor-element elementor-element-14a0d08e e-con-full e-flex e-con e-child\" data-id=\"14a0d08e\" data-element_type=\"container\" data-e-type=\"container\">\n\t\t\t\t<div class=\"elementor-element elementor-element-73c8295d elementor-widget elementor-widget-heading\" data-id=\"73c8295d\" data-element_type=\"widget\" data-e-type=\"widget\" data-widget_type=\"heading.default\">\n\t\t\t\t\t<span class=\"elementor-heading-title elementor-size-default\">Av. Professor Jo\u00e3o Brasil . Fonseca . Niter\u00f3i . RJ<\/span>\t\t\t\t<\/div>\n\t\t\t\t<\/div>\n\t\t\t\t<\/div>\n\t\t\t\t<\/div>\n\t\t\t\t\t<\/div>\n\t\t\t\t<\/div>\n\t\t<div class=\"elementor-element elementor-element-5a0a58ae e-flex e-con-boxed e-con e-child\" data-id=\"5a0a58ae\" data-element_type=\"container\" data-e-type=\"container\">\n\t\t\t\t\t<div class=\"e-con-inner\">\n\t\t<div class=\"elementor-element elementor-element-35606a7e e-con-full e-flex e-con e-child\" data-id=\"35606a7e\" data-element_type=\"container\" data-e-type=\"container\">\n\t\t<div class=\"elementor-element elementor-element-60223228 e-con-full e-flex e-con e-child\" data-id=\"60223228\" data-element_type=\"container\" data-e-type=\"container\">\n\t\t\t\t<div class=\"elementor-element elementor-element-7d85bb14 elementor-widget elementor-widget-image\" data-id=\"7d85bb14\" data-element_type=\"widget\" data-e-type=\"widget\" data-widget_type=\"image.default\">\n\t\t\t\t\t\t\t\t\t\t\t\t\t\t\t\t<a href=\"https:\/\/infallible-cerf.177-10-89-81.plesk.page\/index.php\/home\/\">\n\t\t\t\t\t\t\t<img decoding=\"async\" width=\"165\" height=\"173\" src=\"https:\/\/infallible-cerf.177-10-89-81.plesk.page\/wp-content\/uploads\/2026\/03\/LogoMain.png\" class=\"attachment-large size-large wp-image-21\" alt=\"\" \/>\t\t\t\t\t\t\t\t<\/a>\n\t\t\t\t\t\t\t\t\t\t\t\t\t\t\t<\/div>\n\t\t\t\t<\/div>\n\t\t<div class=\"elementor-element elementor-element-4dfbba6c e-con-full e-flex e-con e-child\" data-id=\"4dfbba6c\" data-element_type=\"container\" data-e-type=\"container\">\n\t\t\t\t<div class=\"elementor-element elementor-element-6e4b6dc5 elementor-widget elementor-widget-image\" data-id=\"6e4b6dc5\" data-element_type=\"widget\" data-e-type=\"widget\" data-widget_type=\"image.default\">\n\t\t\t\t\t\t\t\t\t\t\t\t\t\t\t<img decoding=\"async\" width=\"800\" height=\"58\" src=\"https:\/\/infallible-cerf.177-10-89-81.plesk.page\/wp-content\/uploads\/2026\/03\/FooteText.png\" class=\"attachment-large size-large wp-image-22\" alt=\"\" srcset=\"https:\/\/infallible-cerf.177-10-89-81.plesk.page\/wp-content\/uploads\/2026\/03\/FooteText.png 875w, https:\/\/infallible-cerf.177-10-89-81.plesk.page\/wp-content\/uploads\/2026\/03\/FooteText-300x22.png 300w, https:\/\/infallible-cerf.177-10-89-81.plesk.page\/wp-content\/uploads\/2026\/03\/FooteText-768x55.png 768w\" sizes=\"(max-width: 800px) 100vw, 800px\" \/>\t\t\t\t\t\t\t\t\t\t\t\t\t\t\t<\/div>\n\t\t\t\t<\/div>\n\t\t\t\t<\/div>\n\t\t<div class=\"elementor-element elementor-element-67e22f8f e-con-full e-flex e-con e-child\" data-id=\"67e22f8f\" data-element_type=\"container\" data-e-type=\"container\">\n\t\t<div class=\"elementor-element elementor-element-7c0db3d1 e-con-full e-flex e-con e-child\" data-id=\"7c0db3d1\" data-element_type=\"container\" data-e-type=\"container\">\n\t\t<div class=\"elementor-element elementor-element-fa4ecfa e-con-full e-flex e-con e-child\" data-id=\"fa4ecfa\" data-element_type=\"container\" data-e-type=\"container\">\n\t\t\t\t<div class=\"elementor-element elementor-element-620a4038 elementor-widget elementor-widget-image\" data-id=\"620a4038\" data-element_type=\"widget\" data-e-type=\"widget\" data-widget_type=\"image.default\">\n\t\t\t\t\t\t\t\t\t\t\t\t\t\t\t<img loading=\"lazy\" decoding=\"async\" width=\"581\" height=\"54\" src=\"https:\/\/infallible-cerf.177-10-89-81.plesk.page\/wp-content\/uploads\/2026\/03\/TitleBanner.png\" class=\"attachment-large size-large wp-image-24\" alt=\"\" srcset=\"https:\/\/infallible-cerf.177-10-89-81.plesk.page\/wp-content\/uploads\/2026\/03\/TitleBanner.png 581w, https:\/\/infallible-cerf.177-10-89-81.plesk.page\/wp-content\/uploads\/2026\/03\/TitleBanner-300x28.png 300w\" sizes=\"(max-width: 581px) 100vw, 581px\" \/>\t\t\t\t\t\t\t\t\t\t\t\t\t\t\t<\/div>\n\t\t\t\t<\/div>\n\t\t<div class=\"elementor-element elementor-element-64c3101d e-con-full e-flex e-con e-child\" data-id=\"64c3101d\" data-element_type=\"container\" data-e-type=\"container\">\n\t\t\t\t<div class=\"elementor-element elementor-element-c1bf1af elementor-widget elementor-widget-image\" data-id=\"c1bf1af\" data-element_type=\"widget\" data-e-type=\"widget\" data-widget_type=\"image.default\">\n\t\t\t\t\t\t\t\t\t\t\t\t\t\t\t<img loading=\"lazy\" decoding=\"async\" width=\"400\" height=\"20\" src=\"https:\/\/infallible-cerf.177-10-89-81.plesk.page\/wp-content\/uploads\/2026\/03\/Niteroi.png\" class=\"attachment-large size-large wp-image-25\" alt=\"\" srcset=\"https:\/\/infallible-cerf.177-10-89-81.plesk.page\/wp-content\/uploads\/2026\/03\/Niteroi.png 400w, https:\/\/infallible-cerf.177-10-89-81.plesk.page\/wp-content\/uploads\/2026\/03\/Niteroi-300x15.png 300w\" sizes=\"(max-width: 400px) 100vw, 400px\" \/>\t\t\t\t\t\t\t\t\t\t\t\t\t\t\t<\/div>\n\t\t\t\t<\/div>\n\t\t\t\t<\/div>\n\t\t<div class=\"elementor-element elementor-element-12b801a3 e-con-full e-flex e-con e-child\" data-id=\"12b801a3\" data-element_type=\"container\" data-e-type=\"container\">\n\t\t<div class=\"elementor-element elementor-element-7b563d0e e-con-full e-flex e-con e-child\" data-id=\"7b563d0e\" data-element_type=\"container\" data-e-type=\"container\">\n\t\t\t\t<div class=\"elementor-element elementor-element-2ded4b5c elementor-widget elementor-widget-heading\" data-id=\"2ded4b5c\" data-element_type=\"widget\" data-e-type=\"widget\" data-widget_type=\"heading.default\">\n\t\t\t\t\t<h2 class=\"elementor-heading-title elementor-size-default\">PANABRAS COM\u00c9RCIO E SERVI\u00c7OS LTDA.<\/h2>\t\t\t\t<\/div>\n\t\t\t\t<\/div>\n\t\t<div class=\"elementor-element elementor-element-ab26c6d e-con-full e-flex e-con e-child\" data-id=\"ab26c6d\" data-element_type=\"container\" data-e-type=\"container\">\n\t\t\t\t<div class=\"elementor-element elementor-element-1c9f9dc2 elementor-widget elementor-widget-heading\" data-id=\"1c9f9dc2\" data-element_type=\"widget\" data-e-type=\"widget\" data-widget_type=\"heading.default\">\n\t\t\t\t\t<span class=\"elementor-heading-title elementor-size-default\">CNPJ: 03.083.648\/0001-67 | INEA: UN000890\/55.61.10<\/span>\t\t\t\t<\/div>\n\t\t\t\t<\/div>\n\t\t\t\t<\/div>\n\t\t<div class=\"elementor-element elementor-element-2a9fa9ff e-con-full e-flex e-con e-child\" data-id=\"2a9fa9ff\" data-element_type=\"container\" data-e-type=\"container\">\n\t\t<div class=\"elementor-element elementor-element-1c8dff3f e-con-full e-flex e-con e-child\" data-id=\"1c8dff3f\" data-element_type=\"container\" data-e-type=\"container\">\n\t\t\t\t<div class=\"elementor-element elementor-element-1e33a93b elementor-widget elementor-widget-image\" data-id=\"1e33a93b\" data-element_type=\"widget\" data-e-type=\"widget\" data-widget_type=\"image.default\">\n\t\t\t\t\t\t\t\t\t\t\t\t\t\t\t\t<a href=\"https:\/\/api.whatsapp.com\/send?phone=5521997968180\">\n\t\t\t\t\t\t\t<img loading=\"lazy\" decoding=\"async\" width=\"228\" height=\"103\" src=\"https:\/\/infallible-cerf.177-10-89-81.plesk.page\/wp-content\/uploads\/2026\/03\/ImageWhatsapp.png\" class=\"elementor-animation-shrink attachment-large size-large wp-image-26\" alt=\"\" \/>\t\t\t\t\t\t\t\t<\/a>\n\t\t\t\t\t\t\t\t\t\t\t\t\t\t\t<\/div>\n\t\t\t\t<\/div>\n\t\t<div class=\"elementor-element elementor-element-78a6ffdf e-con-full e-flex e-con e-child\" data-id=\"78a6ffdf\" data-element_type=\"container\" data-e-type=\"container\">\n\t\t<div class=\"elementor-element elementor-element-616384f8 e-con-full e-flex e-con e-child\" data-id=\"616384f8\" data-element_type=\"container\" data-e-type=\"container\" data-settings=\"{&quot;background_background&quot;:&quot;classic&quot;}\">\n\t\t\t\t<div class=\"elementor-element elementor-element-6020696a elementor-widget elementor-widget-heading\" data-id=\"6020696a\" data-element_type=\"widget\" data-e-type=\"widget\" data-widget_type=\"heading.default\">\n\t\t\t\t\t<h2 class=\"elementor-heading-title elementor-size-default\"><a href=\"https:\/\/infallible-cerf.177-10-89-81.plesk.page\/index.php\/blog\/\">Acessar <b>Blog<\/b><\/a><\/h2>\t\t\t\t<\/div>\n\t\t\t\t<\/div>\n\t\t\t\t<\/div>\n\t\t\t\t<\/div>\n\t\t\t\t<\/div>\n\t\t<div class=\"elementor-element elementor-element-645266ef e-con-full e-flex e-con e-child\" data-id=\"645266ef\" data-element_type=\"container\" data-e-type=\"container\">\n\t\t\t\t<div class=\"elementor-element elementor-element-77e886a3 elementor-widget elementor-widget-image\" data-id=\"77e886a3\" data-element_type=\"widget\" data-e-type=\"widget\" data-widget_type=\"image.default\">\n\t\t\t\t\t\t\t\t\t\t\t\t\t\t\t<img loading=\"lazy\" decoding=\"async\" width=\"40\" height=\"40\" src=\"https:\/\/infallible-cerf.177-10-89-81.plesk.page\/wp-content\/uploads\/2026\/03\/Dots.png\" class=\"attachment-large size-large wp-image-23\" alt=\"\" \/>\t\t\t\t\t\t\t\t\t\t\t\t\t\t\t<\/div>\n\t\t\t\t<\/div>\n\t\t\t\t\t<\/div>\n\t\t\t\t<\/div>\n\t\t<div class=\"elementor-element elementor-element-547bdf09 e-flex e-con-boxed e-con e-child\" data-id=\"547bdf09\" data-element_type=\"container\" data-e-type=\"container\" data-settings=\"{&quot;background_background&quot;:&quot;classic&quot;}\">\n\t\t\t\t\t<div class=\"e-con-inner\">\n\t\t<div class=\"elementor-element elementor-element-2a914010 e-con-full e-flex e-con e-child\" data-id=\"2a914010\" data-element_type=\"container\" data-e-type=\"container\">\n\t\t<div class=\"elementor-element elementor-element-6e5ca4de e-con-full e-flex e-con e-child\" data-id=\"6e5ca4de\" data-element_type=\"container\" data-e-type=\"container\">\n\t\t<div class=\"elementor-element elementor-element-4c195488 e-con-full e-flex e-con e-child\" data-id=\"4c195488\" data-element_type=\"container\" data-e-type=\"container\">\n\t\t\t\t<div class=\"elementor-element elementor-element-5e7601b2 elementor-widget elementor-widget-image\" data-id=\"5e7601b2\" data-element_type=\"widget\" data-e-type=\"widget\" data-widget_type=\"image.default\">\n\t\t\t\t\t\t\t\t\t\t\t\t\t\t\t<img loading=\"lazy\" decoding=\"async\" width=\"55\" height=\"46\" src=\"https:\/\/infallible-cerf.177-10-89-81.plesk.page\/wp-content\/uploads\/2026\/03\/MessageIcon.png\" class=\"elementor-animation-shrink attachment-large size-large wp-image-17\" alt=\"\" \/>\t\t\t\t\t\t\t\t\t\t\t\t\t\t\t<\/div>\n\t\t\t\t<\/div>\n\t\t<div class=\"elementor-element elementor-element-44c19141 e-con-full e-flex e-con e-child\" data-id=\"44c19141\" data-element_type=\"container\" data-e-type=\"container\">\n\t\t\t\t<div class=\"elementor-element elementor-element-2111c482 elementor-widget elementor-widget-heading\" data-id=\"2111c482\" data-element_type=\"widget\" data-e-type=\"widget\" data-widget_type=\"heading.default\">\n\t\t\t\t\t<h5 class=\"elementor-heading-title elementor-size-default\">Fale Conosco<\/h5>\t\t\t\t<\/div>\n\t\t\t\t<\/div>\n\t\t\t\t<\/div>\n\t\t<div class=\"elementor-element elementor-element-807026d e-con-full e-flex e-con e-child\" data-id=\"807026d\" data-element_type=\"container\" data-e-type=\"container\">\n\t\t<div class=\"elementor-element elementor-element-7e8f052d e-con-full e-flex e-con e-child\" data-id=\"7e8f052d\" data-element_type=\"container\" data-e-type=\"container\">\n\t\t\t\t<div class=\"elementor-element elementor-element-668b05fa elementor-widget elementor-widget-image\" data-id=\"668b05fa\" data-element_type=\"widget\" data-e-type=\"widget\" data-widget_type=\"image.default\">\n\t\t\t\t\t\t\t\t\t\t\t\t\t\t\t<img loading=\"lazy\" decoding=\"async\" width=\"46\" height=\"34\" src=\"https:\/\/infallible-cerf.177-10-89-81.plesk.page\/wp-content\/uploads\/2026\/03\/MailIcon.png\" class=\"elementor-animation-shrink attachment-large size-large wp-image-18\" alt=\"\" \/>\t\t\t\t\t\t\t\t\t\t\t\t\t\t\t<\/div>\n\t\t\t\t<\/div>\n\t\t<div class=\"elementor-element elementor-element-11e153e7 e-con-full e-flex e-con e-child\" data-id=\"11e153e7\" data-element_type=\"container\" data-e-type=\"container\">\n\t\t\t\t<div class=\"elementor-element elementor-element-73fe4e1e elementor-widget elementor-widget-heading\" data-id=\"73fe4e1e\" data-element_type=\"widget\" data-e-type=\"widget\" data-widget_type=\"heading.default\">\n\t\t\t\t\t<h5 class=\"elementor-heading-title elementor-size-default\">atendimento@niteroiense.com<\/h5>\t\t\t\t<\/div>\n\t\t\t\t<\/div>\n\t\t\t\t<\/div>\n\t\t<div class=\"elementor-element elementor-element-46ad75eb e-con-full e-flex e-con e-child\" data-id=\"46ad75eb\" data-element_type=\"container\" data-e-type=\"container\">\n\t\t<div class=\"elementor-element elementor-element-55011741 e-con-full e-flex e-con e-child\" data-id=\"55011741\" data-element_type=\"container\" data-e-type=\"container\">\n\t\t\t\t<div class=\"elementor-element elementor-element-36b3693e elementor-widget elementor-widget-image\" data-id=\"36b3693e\" data-element_type=\"widget\" data-e-type=\"widget\" data-widget_type=\"image.default\">\n\t\t\t\t\t\t\t\t\t\t\t\t\t\t\t<img loading=\"lazy\" decoding=\"async\" width=\"40\" height=\"40\" src=\"https:\/\/infallible-cerf.177-10-89-81.plesk.page\/wp-content\/uploads\/2026\/03\/WhatsappIcon.png\" class=\"elementor-animation-shrink attachment-large size-large wp-image-19\" alt=\"\" \/>\t\t\t\t\t\t\t\t\t\t\t\t\t\t\t<\/div>\n\t\t\t\t<\/div>\n\t\t<div class=\"elementor-element elementor-element-1b87ac20 e-con-full e-flex e-con e-child\" data-id=\"1b87ac20\" data-element_type=\"container\" data-e-type=\"container\">\n\t\t\t\t<div class=\"elementor-element elementor-element-247c07a2 elementor-widget elementor-widget-heading\" data-id=\"247c07a2\" data-element_type=\"widget\" data-e-type=\"widget\" data-widget_type=\"heading.default\">\n\t\t\t\t\t<h5 class=\"elementor-heading-title elementor-size-default\"><a href=\"https:\/\/api.whatsapp.com\/send?phone=5521997968180\">(21) 9 9796-8180<\/a><\/h5>\t\t\t\t<\/div>\n\t\t\t\t<\/div>\n\t\t\t\t<\/div>\n\t\t<div class=\"elementor-element elementor-element-7677df95 e-con-full e-flex e-con e-child\" data-id=\"7677df95\" data-element_type=\"container\" data-e-type=\"container\">\n\t\t<div class=\"elementor-element elementor-element-438491ad e-con-full e-flex e-con e-child\" data-id=\"438491ad\" data-element_type=\"container\" data-e-type=\"container\">\n\t\t\t\t<div class=\"elementor-element elementor-element-39ec28a2 elementor-widget elementor-widget-image\" data-id=\"39ec28a2\" data-element_type=\"widget\" data-e-type=\"widget\" data-widget_type=\"image.default\">\n\t\t\t\t\t\t\t\t\t\t\t\t\t\t\t<img loading=\"lazy\" decoding=\"async\" width=\"42\" height=\"42\" src=\"https:\/\/infallible-cerf.177-10-89-81.plesk.page\/wp-content\/uploads\/2026\/03\/TelephoneIcon.png\" class=\"elementor-animation-shrink attachment-large size-large wp-image-20\" alt=\"\" \/>\t\t\t\t\t\t\t\t\t\t\t\t\t\t\t<\/div>\n\t\t\t\t<\/div>\n\t\t<div class=\"elementor-element elementor-element-31a39605 e-con-full e-flex e-con e-child\" data-id=\"31a39605\" data-element_type=\"container\" data-e-type=\"container\">\n\t\t\t\t<div class=\"elementor-element elementor-element-59a9170 elementor-widget elementor-widget-heading\" data-id=\"59a9170\" data-element_type=\"widget\" data-e-type=\"widget\" data-widget_type=\"heading.default\">\n\t\t\t\t\t<h5 class=\"elementor-heading-title elementor-size-default\">(21) 2628-4899<\/h5>\t\t\t\t<\/div>\n\t\t\t\t<\/div>\n\t\t\t\t<\/div>\n\t\t\t\t<\/div>\n\t\t\t\t\t<\/div>\n\t\t\t\t<\/div>\n\t\t\t\t<\/div>\n\t\t<div class=\"elementor-element elementor-element-22c0905 e-flex e-con-boxed e-con e-parent\" data-id=\"22c0905\" data-element_type=\"container\" data-e-type=\"container\">\n\t\t\t\t\t<div class=\"e-con-inner\">\n\t\t<div class=\"elementor-element elementor-element-c43ca3f e-con-full e-flex e-con e-child\" data-id=\"c43ca3f\" data-element_type=\"container\" data-e-type=\"container\">\n\t\t\t\t<div class=\"elementor-element elementor-element-e4f6137 elementor-widget elementor-widget-image\" data-id=\"e4f6137\" data-element_type=\"widget\" data-e-type=\"widget\" data-widget_type=\"image.default\">\n\t\t\t\t\t\t\t\t\t\t\t\t\t\t\t<img loading=\"lazy\" decoding=\"async\" width=\"172\" height=\"172\" src=\"https:\/\/infallible-cerf.177-10-89-81.plesk.page\/wp-content\/uploads\/2026\/03\/LacraiaType.jpeg\" class=\"elementor-animation-rotate attachment-large size-large wp-image-57\" alt=\"\" srcset=\"https:\/\/infallible-cerf.177-10-89-81.plesk.page\/wp-content\/uploads\/2026\/03\/LacraiaType.jpeg 172w, https:\/\/infallible-cerf.177-10-89-81.plesk.page\/wp-content\/uploads\/2026\/03\/LacraiaType-150x150.jpeg 150w\" sizes=\"(max-width: 172px) 100vw, 172px\" \/>\t\t\t\t\t\t\t\t\t\t\t\t\t\t\t<\/div>\n\t\t\t\t<\/div>\n\t\t<div class=\"elementor-element elementor-element-596a5ab e-con-full e-flex e-con e-child\" data-id=\"596a5ab\" data-element_type=\"container\" data-e-type=\"container\">\n\t\t\t\t<div class=\"elementor-element elementor-element-4a24007 elementor-widget elementor-widget-heading\" data-id=\"4a24007\" data-element_type=\"widget\" data-e-type=\"widget\" data-widget_type=\"heading.default\">\n\t\t\t\t\t<h2 class=\"elementor-heading-title elementor-size-default\">Lacraia<\/h2>\t\t\t\t<\/div>\n\t\t\t\t<\/div>\n\t\t<div class=\"elementor-element elementor-element-37cb412 e-con-full e-flex e-con e-child\" data-id=\"37cb412\" data-element_type=\"container\" data-e-type=\"container\">\n\t\t\t\t<div class=\"elementor-element elementor-element-3c1a9c4 elementor-widget elementor-widget-text-editor\" data-id=\"3c1a9c4\" data-element_type=\"widget\" data-e-type=\"widget\" data-widget_type=\"text-editor.default\">\n\t\t\t\t\t\t\t\t\t<div id=\"titulo\" class=\"\" data-ancora=\"null\" data-time=\"null\">\n<div id=\"filho\">\n<p><span style=\"font-family: Arial, Helvetica, sans-serif; text-align: justify; font-size: large;\">Quais lacraias s\u00e3o venenosas?<\/span><br style=\"font-family: Arial, Helvetica, sans-serif; font-size: 20px; text-align: justify;\"><span style=\"font-family: Arial, Helvetica, sans-serif; text-align: justify; font-size: large;\">O veneno das lacraias \u00e9 muito pouco t\u00f3xico para o homem. Embora existam muitas lendas a respeito desse animal, n\u00e3o h\u00e1, no Brasil, relatos comprovados de morte nem de envenenamentos graves em acidentes com lacraias. Os sintomas s\u00e3o: dor forte e incha\u00e7o (edema) no local da picada.<\/span><\/p>\n<\/div>\n<\/div>\t\t\t\t\t\t\t\t<\/div>\n\t\t\t\t<\/div>\n\t\t\t\t\t<\/div>\n\t\t\t\t<\/div>\n\t\t<div class=\"elementor-element elementor-element-2c6597d9 e-con-full e-flex e-con e-parent\" data-id=\"2c6597d9\" data-element_type=\"container\" data-e-type=\"container\" data-settings=\"{&quot;background_background&quot;:&quot;classic&quot;}\">\n\t\t<div class=\"elementor-element elementor-element-4c28dbb8 e-con-full e-flex e-con e-child\" data-id=\"4c28dbb8\" data-element_type=\"container\" data-e-type=\"container\">\n\t\t\t\t<\/div>\n\t\t<div class=\"elementor-element elementor-element-21973d6b e-con-full e-flex e-con e-child\" data-id=\"21973d6b\" data-element_type=\"container\" data-e-type=\"container\" data-settings=\"{&quot;background_background&quot;:&quot;classic&quot;}\">\n\t\t<div class=\"elementor-element elementor-element-1c7f11c8 e-con-full e-flex e-con e-child\" data-id=\"1c7f11c8\" data-element_type=\"container\" data-e-type=\"container\">\n\t\t\t\t<div class=\"elementor-element elementor-element-47387c5e elementor-widget elementor-widget-heading\" data-id=\"47387c5e\" data-element_type=\"widget\" data-e-type=\"widget\" data-widget_type=\"heading.default\">\n\t\t\t\t\t<h6 class=\"elementor-heading-title elementor-size-default\">Dedetizadora Niterioiense 2018 \u00a9 Todos os direitos reservados.<\/h6>\t\t\t\t<\/div>\n\t\t\t\t<\/div>\n\t\t<div class=\"elementor-element elementor-element-1ddfd7e2 e-con-full e-flex e-con e-child\" data-id=\"1ddfd7e2\" data-element_type=\"container\" data-e-type=\"container\">\n\t\t\t\t<div class=\"elementor-element elementor-element-66275846 elementor-view-framed elementor-shape-square elementor-widget elementor-widget-icon\" data-id=\"66275846\" data-element_type=\"widget\" data-e-type=\"widget\" data-widget_type=\"icon.default\">\n\t\t\t\t\t\t\t<div class=\"elementor-icon-wrapper\">\n\t\t\t<div class=\"elementor-icon elementor-animation-shrink\">\n\t\t\t<svg aria-hidden=\"true\" class=\"e-font-icon-svg e-fab-twitter\" viewBox=\"0 0 512 512\" xmlns=\"http:\/\/www.w3.org\/2000\/svg\"><path d=\"M459.37 151.716c.325 4.548.325 9.097.325 13.645 0 138.72-105.583 298.558-298.558 298.558-59.452 0-114.68-17.219-161.137-47.106 8.447.974 16.568 1.299 25.34 1.299 49.055 0 94.213-16.568 130.274-44.832-46.132-.975-84.792-31.188-98.112-72.772 6.498.974 12.995 1.624 19.818 1.624 9.421 0 18.843-1.3 27.614-3.573-48.081-9.747-84.143-51.98-84.143-102.985v-1.299c13.969 7.797 30.214 12.67 47.431 13.319-28.264-18.843-46.781-51.005-46.781-87.391 0-19.492 5.197-37.36 14.294-52.954 51.655 63.675 129.3 105.258 216.365 109.807-1.624-7.797-2.599-15.918-2.599-24.04 0-57.828 46.782-104.934 104.934-104.934 30.213 0 57.502 12.67 76.67 33.137 23.715-4.548 46.456-13.32 66.599-25.34-7.798 24.366-24.366 44.833-46.132 57.827 21.117-2.273 41.584-8.122 60.426-16.243-14.292 20.791-32.161 39.308-52.628 54.253z\"><\/path><\/svg>\t\t\t<\/div>\n\t\t<\/div>\n\t\t\t\t\t\t<\/div>\n\t\t\t\t<div class=\"elementor-element elementor-element-1e1a64e8 elementor-view-framed elementor-shape-square elementor-widget elementor-widget-icon\" data-id=\"1e1a64e8\" data-element_type=\"widget\" data-e-type=\"widget\" data-widget_type=\"icon.default\">\n\t\t\t\t\t\t\t<div class=\"elementor-icon-wrapper\">\n\t\t\t<div class=\"elementor-icon elementor-animation-shrink\">\n\t\t\t<svg aria-hidden=\"true\" class=\"e-font-icon-svg e-fab-facebook-f\" viewBox=\"0 0 320 512\" xmlns=\"http:\/\/www.w3.org\/2000\/svg\"><path d=\"M279.14 288l14.22-92.66h-88.91v-60.13c0-25.35 12.42-50.06 52.24-50.06h40.42V6.26S260.43 0 225.36 0c-73.22 0-121.08 44.38-121.08 124.72v70.62H22.89V288h81.39v224h100.17V288z\"><\/path><\/svg>\t\t\t<\/div>\n\t\t<\/div>\n\t\t\t\t\t\t<\/div>\n\t\t\t\t<div class=\"elementor-element elementor-element-15b49a24 elementor-view-framed elementor-shape-square elementor-widget elementor-widget-icon\" data-id=\"15b49a24\" data-element_type=\"widget\" data-e-type=\"widget\" data-widget_type=\"icon.default\">\n\t\t\t\t\t\t\t<div class=\"elementor-icon-wrapper\">\n\t\t\t<div class=\"elementor-icon elementor-animation-shrink\">\n\t\t\t<svg aria-hidden=\"true\" class=\"e-font-icon-svg e-fab-youtube\" viewBox=\"0 0 576 512\" xmlns=\"http:\/\/www.w3.org\/2000\/svg\"><path d=\"M549.655 124.083c-6.281-23.65-24.787-42.276-48.284-48.597C458.781 64 288 64 288 64S117.22 64 74.629 75.486c-23.497 6.322-42.003 24.947-48.284 48.597-11.412 42.867-11.412 132.305-11.412 132.305s0 89.438 11.412 132.305c6.281 23.65 24.787 41.5 48.284 47.821C117.22 448 288 448 288 448s170.78 0 213.371-11.486c23.497-6.321 42.003-24.171 48.284-47.821 11.412-42.867 11.412-132.305 11.412-132.305s0-89.438-11.412-132.305zm-317.51 213.508V175.185l142.739 81.205-142.739 81.201z\"><\/path><\/svg>\t\t\t<\/div>\n\t\t<\/div>\n\t\t\t\t\t\t<\/div>\n\t\t\t\t<\/div>\n\t\t\t\t<\/div>\n\t\t\t\t<\/div>\n\t\t\t\t<\/div>\n\t\t","protected":false},"excerpt":{"rendered":"<p>Seja Bem-vindo(a) Av. Professor Jo\u00e3o Brasil . Fonseca . Niter\u00f3i . RJ PANABRAS COM\u00c9RCIO E SERVI\u00c7OS LTDA. CNPJ: 03.083.648\/0001-67 | INEA: UN000890\/55.61.10 Acessar Blog Fale Conosco atendimento@niteroiense.com (21) 9 9796-8180 (21) 2628-4899 Lacraia Quais lacraias s\u00e3o venenosas?O veneno das lacraias \u00e9 muito pouco t\u00f3xico para o homem. Embora existam muitas lendas a respeito desse animal, [&hellip;]<\/p>\n","protected":false},"author":1,"featured_media":0,"parent":0,"menu_order":0,"comment_status":"closed","ping_status":"closed","template":"elementor_canvas","meta":{"footnotes":""},"class_list":["post-131","page","type-page","status-publish","hentry"],"_links":{"self":[{"href":"https:\/\/infallible-cerf.177-10-89-81.plesk.page\/index.php\/wp-json\/wp\/v2\/pages\/131","targetHints":{"allow":["GET"]}}],"collection":[{"href":"https:\/\/infallible-cerf.177-10-89-81.plesk.page\/index.php\/wp-json\/wp\/v2\/pages"}],"about":[{"href":"https:\/\/infallible-cerf.177-10-89-81.plesk.page\/index.php\/wp-json\/wp\/v2\/types\/page"}],"author":[{"embeddable":true,"href":"https:\/\/infallible-cerf.177-10-89-81.plesk.page\/index.php\/wp-json\/wp\/v2\/users\/1"}],"replies":[{"embeddable":true,"href":"https:\/\/infallible-cerf.177-10-89-81.plesk.page\/index.php\/wp-json\/wp\/v2\/comments?post=131"}],"version-history":[{"count":10,"href":"https:\/\/infallible-cerf.177-10-89-81.plesk.page\/index.php\/wp-json\/wp\/v2\/pages\/131\/revisions"}],"predecessor-version":[{"id":239,"href":"https:\/\/infallible-cerf.177-10-89-81.plesk.page\/index.php\/wp-json\/wp\/v2\/pages\/131\/revisions\/239"}],"wp:attachment":[{"href":"https:\/\/infallible-cerf.177-10-89-81.plesk.page\/index.php\/wp-json\/wp\/v2\/media?parent=131"}],"curies":[{"name":"wp","href":"https:\/\/api.w.org\/{rel}","templated":true}]}}